{"id":19,"date":"2020-01-17T08:52:22","date_gmt":"2020-01-17T08:52:22","guid":{"rendered":"http:\/\/www.bonheurdecroire.com\/?p=19"},"modified":"2021-12-02T09:01:09","modified_gmt":"2021-12-02T14:01:09","slug":"about","status":"publish","type":"page","link":"https:\/\/www.bonheurdecroire.com\/?page_id=19","title":{"rendered":"L&rsquo;auteure"},"content":{"rendered":"<h2>Rose-Marie Alain<\/h2>\n<p><img decoding=\"async\" src=\"\/wp-content\/uploads\/2020\/12\/photo-Rose-Marie.jpg\" alt=\"\"><\/p>\n<div>\n<p>Rose-Marie Alain est d\u00e9tentrice d&rsquo;une ma\u00eetrise en sciences de l&rsquo;\u00e9ducation et aussi en th\u00e9ologie. Elle a enseign\u00e9 de la maternelle \u00e0 l&rsquo;universit\u00e9 inclusivement. Elle a anim\u00e9 diverses sessions de psychosynth\u00e8se et foi et a form\u00e9 plusieurs personnes \u00e0 la relation d&rsquo;aide. Elle a particip\u00e9 \u00e0 diff\u00e9rents comit\u00e9s de pastorale paroissiale et universitaire. Elle a aussi fait de l&rsquo;accompagnement psychospirituel pendant 25 ans. Elle est mari\u00e9e, m\u00e8re de deux filles et grand-m\u00e8re. Elle savoure toute cette belle vie \u00e0 pleines dents.<\/p>\n<\/div>\n<p><!--more--><br \/>\n<!-- {\"type\":\"layout\",\"children\":[{\"type\":\"section\",\"props\":{\"style\":\"default\",\"width\":\"small\",\"vertical_align\":\"middle\",\"title_position\":\"top-left\",\"title_rotation\":\"left\",\"title_breakpoint\":\"xl\",\"image_position\":\"center-center\",\"padding\":\"xsmall\"},\"children\":[{\"type\":\"row\",\"children\":[{\"type\":\"column\",\"props\":{\"image_position\":\"center-center\",\"media_overlay_gradient\":\"\",\"width_medium\":\"\"},\"children\":[{\"type\":\"headline\",\"props\":{\"title_element\":\"h2\",\"title_style\":\"heading-medium\",\"title_color\":\"background\",\"content\":\"Rose-Marie Alain\"}}]}]},{\"type\":\"row\",\"props\":{\"layout\":\"1-3,2-3\"},\"children\":[{\"type\":\"column\",\"props\":{\"image_position\":\"center-center\",\"media_overlay_gradient\":\"\",\"width_medium\":\"1-3\"},\"children\":[{\"type\":\"image\",\"props\":{\"margin\":\"default\",\"image_svg_color\":\"emphasis\",\"image\":\"wp-content\\\/uploads\\\/2020\\\/12\\\/photo-Rose-Marie.jpg\"}}]},{\"type\":\"column\",\"props\":{\"image_position\":\"center-center\",\"media_overlay_gradient\":\"\",\"width_medium\":\"2-3\"},\"children\":[{\"type\":\"text\",\"props\":{\"margin\":\"default\",\"column_breakpoint\":\"m\",\"content\":\"\n\n<p>Rose-Marie Alain est d\\u00e9tentrice d'une ma\\u00eetrise en sciences de l'\\u00e9ducation et aussi en th\\u00e9ologie. Elle a enseign\\u00e9 de la maternelle \\u00e0 l'universit\\u00e9 inclusivement. Elle a anim\\u00e9 diverses sessions de psychosynth\\u00e8se et foi et a form\\u00e9 plusieurs personnes \\u00e0 la relation d'aide. Elle a particip\\u00e9 \\u00e0 diff\\u00e9rents comit\\u00e9s de pastorale paroissiale et universitaire. Elle a aussi fait de l'accompagnement psychospirituel pendant 25 ans. Elle est mari\\u00e9e, m\\u00e8re de deux filles et grand-m\\u00e8re. Elle savoure toute cette belle vie \\u00e0 pleines dents.<\\\/p>\"}}]}]}],\"name\":\"Hero\"}],\"version\":\"2.5.8\"} --><\/p>\n","protected":false},"excerpt":{"rendered":"<p>Rose-Marie Alain Rose-Marie Alain est d\u00e9tentrice d&rsquo;une ma\u00eetrise en sciences de l&rsquo;\u00e9ducation et aussi en th\u00e9ologie. Elle a enseign\u00e9 de la maternelle \u00e0 l&rsquo;universit\u00e9 inclusivement. Elle a anim\u00e9 diverses sessions de psychosynth\u00e8se et foi et a form\u00e9 plusieurs personnes \u00e0 la relation d&rsquo;aide. Elle a particip\u00e9 \u00e0 diff\u00e9rents comit\u00e9s de pastorale paroissiale et universitaire. Elle [&hellip;]<\/p>\n","protected":false},"author":1,"featured_media":0,"parent":0,"menu_order":3,"comment_status":"open","ping_status":"open","template":"","meta":[],"acf":[],"_links":{"self":[{"href":"https:\/\/www.bonheurdecroire.com\/index.php?rest_route=\/wp\/v2\/pages\/19"}],"collection":[{"href":"https:\/\/www.bonheurdecroire.com\/index.php?rest_route=\/wp\/v2\/pages"}],"about":[{"href":"https:\/\/www.bonheurdecroire.com\/index.php?rest_route=\/wp\/v2\/types\/page"}],"author":[{"embeddable":true,"href":"https:\/\/www.bonheurdecroire.com\/index.php?rest_route=\/wp\/v2\/users\/1"}],"replies":[{"embeddable":true,"href":"https:\/\/www.bonheurdecroire.com\/index.php?rest_route=%2Fwp%2Fv2%2Fcomments&post=19"}],"version-history":[{"count":20,"href":"https:\/\/www.bonheurdecroire.com\/index.php?rest_route=\/wp\/v2\/pages\/19\/revisions"}],"predecessor-version":[{"id":1632,"href":"https:\/\/www.bonheurdecroire.com\/index.php?rest_route=\/wp\/v2\/pages\/19\/revisions\/1632"}],"wp:attachment":[{"href":"https:\/\/www.bonheurdecroire.com\/index.php?rest_route=%2Fwp%2Fv2%2Fmedia&parent=19"}],"curies":[{"name":"wp","href":"https:\/\/api.w.org\/{rel}","templated":true}]}}